{"id":53,"date":"2015-11-18T13:32:16","date_gmt":"2015-11-18T13:32:16","guid":{"rendered":"http:\/\/salonbiendansmavie.fr\/?page_id=53"},"modified":"2026-01-13T14:30:00","modified_gmt":"2026-01-13T13:30:00","slug":"accueil-de-test","status":"publish","type":"page","link":"https:\/\/salonbiendansmavie.fr\/","title":{"rendered":"Accueil"},"content":{"rendered":"<h1><strong>Les 6, 7 et 8 f\u00e9vrier 2026 !\u00a0<\/strong><\/h1>\n<h3 style=\"padding-left: 30px;\">Au Parc des Expositions de Pau<\/h3>\n<h1><em><strong>Exposants et Visiteurs : Un \u00e9v\u00e8nement \u00e0 ne pas manquer !<\/strong><\/em><\/h1>\n<h3 style=\"text-align: left; padding-left: 30px;\">LE Th\u00e8me principal<\/h3>\n<h1><span style=\"color: #018289;\"><strong>LE BIEN ETRE, LE BIEN ETRE, LE BIEN ETRE &#8230;<\/strong><\/span><\/h1>\n<h1>et toujours <span style=\"color: #018289;\"><strong>LE BIEN ETRE !<\/strong><\/span><\/h1>\n<p><img loading=\"lazy\" decoding=\"async\" class=\"size-medium wp-image-170 alignright\" src=\"http:\/\/salonbiendansmavie.fr\/wp-content\/uploads\/2017\/09\/TerreEvasionA5Portrait-300x179.png\" alt=\"\" width=\"300\" height=\"179\" srcset=\"https:\/\/salonbiendansmavie.fr\/wp-content\/uploads\/2017\/09\/TerreEvasionA5Portrait-300x179.png 300w, https:\/\/salonbiendansmavie.fr\/wp-content\/uploads\/2017\/09\/TerreEvasionA5Portrait-768x457.png 768w, https:\/\/salonbiendansmavie.fr\/wp-content\/uploads\/2017\/09\/TerreEvasionA5Portrait.png 828w\" sizes=\"auto, (max-width: 300px) 100vw, 300px\" \/><\/p>\n<h1><a href=\"http:\/\/salonbiendansmavie.fr\/?page_id=39\"><span style=\"color: #018289;\"><strong>ANIMATIONS SPECIALES !<\/strong><\/span><\/a><\/h1>\n<h2 style=\"text-align: center;\">\u00a0<\/h2>\n<h2 style=\"text-align: center;\"><strong>Enfin un salon exclusivement r\u00e9serv\u00e9 au Bien Etre<\/strong><strong>\u00a0!\u00a0<\/strong><\/h2>\n<h3 style=\"text-align: center;\"><span style=\"color: #019280;\">DEVELOPPEMENT PERSONNEL \u00a0&#8211; \u00a0<\/span><span style=\"color: #019280;\">SOIN ENERGETIQUE \u00a0<\/span><\/h3>\n<h3 style=\"text-align: center;\"><span style=\"color: #019280;\">RELOOKING \u00a0&#8211; \u00a0BEAUTE<\/span><\/h3>\n<h3 style=\"text-align: center;\"><span style=\"color: #019280;\">REMISE EN FORME \u00a0&#8211; \u00a0COACHING ALIMENTATION<\/span><\/h3>\n<h3 style=\"text-align: center;\"><span style=\"color: #019280;\">MATERIEL ET ACCESSOIRES<\/span><\/h3>\n\n\n<figure class=\"wp-block-image size-large\"><img loading=\"lazy\" decoding=\"async\" width=\"768\" height=\"1024\" src=\"https:\/\/salonbiendansmavie.fr\/wp-content\/uploads\/2026\/01\/Copie-de-SALON-DU-BIEN-ETRE-DEVELOPPEMENT-PERSONNEL-BIEN-DANS-MA-VIE-4-2-768x1024.png\" alt=\"\" class=\"wp-image-688\" srcset=\"https:\/\/salonbiendansmavie.fr\/wp-content\/uploads\/2026\/01\/Copie-de-SALON-DU-BIEN-ETRE-DEVELOPPEMENT-PERSONNEL-BIEN-DANS-MA-VIE-4-2-768x1024.png 768w, https:\/\/salonbiendansmavie.fr\/wp-content\/uploads\/2026\/01\/Copie-de-SALON-DU-BIEN-ETRE-DEVELOPPEMENT-PERSONNEL-BIEN-DANS-MA-VIE-4-2-225x300.png 225w, https:\/\/salonbiendansmavie.fr\/wp-content\/uploads\/2026\/01\/Copie-de-SALON-DU-BIEN-ETRE-DEVELOPPEMENT-PERSONNEL-BIEN-DANS-MA-VIE-4-2-1152x1536.png 1152w, https:\/\/salonbiendansmavie.fr\/wp-content\/uploads\/2026\/01\/Copie-de-SALON-DU-BIEN-ETRE-DEVELOPPEMENT-PERSONNEL-BIEN-DANS-MA-VIE-4-2-1536x2048.png 1536w\" sizes=\"auto, (max-width: 768px) 100vw, 768px\" \/><\/figure>\n","protected":false},"excerpt":{"rendered":"<p>Les 6, 7 et 8 f\u00e9vrier 2026 !\u00a0 Au Parc des Expositions de Pau Exposants et Visiteurs : Un \u00e9v\u00e8nement \u00e0 ne pas manquer ! LE Th\u00e8me principal LE BIEN ETRE, LE BIEN ETRE, LE BIEN ETRE &#8230; et toujours LE BIEN ETRE ! ANIMATIONS SPECIALES ! \u00a0 Enfin un salon exclusivement r\u00e9serv\u00e9 au Bien <a class=\"read-more\" href=\"https:\/\/salonbiendansmavie.fr\/\">Read More<\/a><\/p>\n","protected":false},"author":1,"featured_media":44,"parent":0,"menu_order":0,"comment_status":"closed","ping_status":"closed","template":"template-full-width.php","meta":{"footnotes":""},"class_list":["post-53","page","type-page","status-publish","has-post-thumbnail","hentry"],"_links":{"self":[{"href":"https:\/\/salonbiendansmavie.fr\/index.php?rest_route=\/wp\/v2\/pages\/53","targetHints":{"allow":["GET"]}}],"collection":[{"href":"https:\/\/salonbiendansmavie.fr\/index.php?rest_route=\/wp\/v2\/pages"}],"about":[{"href":"https:\/\/salonbiendansmavie.fr\/index.php?rest_route=\/wp\/v2\/types\/page"}],"author":[{"embeddable":true,"href":"https:\/\/salonbiendansmavie.fr\/index.php?rest_route=\/wp\/v2\/users\/1"}],"replies":[{"embeddable":true,"href":"https:\/\/salonbiendansmavie.fr\/index.php?rest_route=%2Fwp%2Fv2%2Fcomments&post=53"}],"version-history":[{"count":25,"href":"https:\/\/salonbiendansmavie.fr\/index.php?rest_route=\/wp\/v2\/pages\/53\/revisions"}],"predecessor-version":[{"id":689,"href":"https:\/\/salonbiendansmavie.fr\/index.php?rest_route=\/wp\/v2\/pages\/53\/revisions\/689"}],"wp:featuredmedia":[{"embeddable":true,"href":"https:\/\/salonbiendansmavie.fr\/index.php?rest_route=\/wp\/v2\/media\/44"}],"wp:attachment":[{"href":"https:\/\/salonbiendansmavie.fr\/index.php?rest_route=%2Fwp%2Fv2%2Fmedia&parent=53"}],"curies":[{"name":"wp","href":"https:\/\/api.w.org\/{rel}","templated":true}]}}